{"id":148,"date":"2024-01-29T13:41:15","date_gmt":"2024-01-29T11:41:15","guid":{"rendered":"https:\/\/www.ceolia.de\/?page_id=148"},"modified":"2025-03-01T15:48:03","modified_gmt":"2025-03-01T13:48:03","slug":"claus-soloprojekt","status":"publish","type":"page","link":"https:\/\/www.ceolia.de\/?page_id=148","title":{"rendered":""},"content":{"rendered":"\n<figure class=\"wp-block-image size-full is-resized\"><a href=\"https:\/\/www.ceolia.de\/wp-content\/uploads\/2025\/03\/Folk-close-up-www-scaled.jpg\"><img loading=\"lazy\" decoding=\"async\" width=\"2560\" height=\"1186\" src=\"https:\/\/www.ceolia.de\/wp-content\/uploads\/2025\/03\/Folk-close-up-www-scaled.jpg\" alt=\"\" class=\"wp-image-213\" style=\"width:430px;height:auto\" srcset=\"https:\/\/www.ceolia.de\/wp-content\/uploads\/2025\/03\/Folk-close-up-www-scaled.jpg 2560w, https:\/\/www.ceolia.de\/wp-content\/uploads\/2025\/03\/Folk-close-up-www-300x139.jpg 300w\" sizes=\"(max-width: 2560px) 100vw, 2560px\" \/><\/a><\/figure>\n\n\n\n<p> <\/p>\n\n\n\n<p><\/p>\n\n\n\n<p> <\/p>\n\n\n\n<p><\/p>\n\n\n\n<p><strong>Claus&#8216; Soloprojekt<\/strong><\/p>\n\n\n\n<p>Seit vielen Jahren mit den unterschiedlichsten Bands (s. u.) unterwegs, ist Claus Jahn nun auch mit seinem Soloprogramm auf der B\u00fchne. <\/p>\n\n\n\n<p>Nachdenkliche Balladen und fr\u00f6hliche Lieder werden mit viel Gef\u00fchl und der Liebe zu von Herzen kommender Musik dargeboten. Seine selbst komponierten und traditionellen St\u00fccke begleitet der Multiinstrumentalist vornehmlich auf der Irish-Bouzouki.<\/p>\n\n\n\n<p>Claus Jahn ist ein musikalischer Erz\u00e4hler, wodurch die Zuh\u00f6renden in die Tiefen der keltischen Seele abtauchen k\u00f6nnen und eine Zeit lang nichts anderes tun m\u00fcssen, als genie\u00dfen.<\/p>\n\n\n\n<p><\/p>\n\n\n\n<p><strong>Bandprojekte:<\/strong><\/p>\n\n\n\n<p class=\"has-small-font-size\">Aktuell:<\/p>\n\n\n\n<ul>\n<li><em>Ceolia<\/em><\/li>\n\n\n\n<li><em>Cake of Brandy<\/em><\/li>\n\n\n\n<li><em>Andy Irvine &#8211; Support<\/em><\/li>\n\n\n\n<li><em>Fanai<\/em><\/li>\n<\/ul>\n\n\n\n<p class=\"has-small-font-size\">Vergangene:<\/p>\n\n\n\n<ul>\n<li>Gruorn<\/li>\n\n\n\n<li>Glenn na Liss<\/li>\n\n\n\n<li>Malin Head<\/li>\n\n\n\n<li>Redjeven<\/li>\n\n\n\n<li>Narrenfolk<\/li>\n\n\n\n<li>Piet-a-Piet<\/li>\n\n\n\n<li>Dragon-Valley-Stringband<\/li>\n\n\n\n<li>Wild Side Burns<\/li>\n\n\n\n<li>The Spellbounds<\/li>\n\n\n\n<li>The Beavers<\/li>\n<\/ul>\n\n\n\n<p><strong>Claus spielt folgende Instrumente:<\/strong><\/p>\n\n\n\n<ul>\n<li>Cistar (Hybrid zwischen Cister und Gitarre): <a href=\"https:\/\/www.instagram.com\/valguitars\/\" target=\"_blank\" rel=\"noreferrer noopener\">VAL-Guitars<\/a><\/li>\n\n\n\n<li>Irish-Bouzouki: Heiner Dreizehnter<\/li>\n\n\n\n<li>Gizouki (Hybrid zwischen Bouzouki und Gitarre): Heiner Dreizehnter<\/li>\n\n\n\n<li>Uilleann Pipes: <a href=\"https:\/\/morgenbrodt-pipes.de\/index.php\/de\/\" target=\"_blank\" rel=\"noreferrer noopener\">Morgenbrodt-Pipes<\/a><\/li>\n\n\n\n<li>Low-Whistles: <a href=\"https:\/\/www.colingoldie.de\/\" target=\"_blank\" rel=\"noreferrer noopener\">Goldie-Whistles<\/a> und <a href=\"https:\/\/mkwhistles.com\/\" target=\"_blank\" rel=\"noreferrer noopener\">MK-Whistles<\/a><\/li>\n\n\n\n<li>Akustik-Gitarre: Heiner Dreizehnter<\/li>\n\n\n\n<li>E-Gitarre: <a href=\"https:\/\/www.gretsch.com\/\" target=\"_blank\" rel=\"noreferrer noopener\">Gretsch<\/a><\/li>\n<\/ul>\n\n\n\n<figure class=\"wp-block-gallery has-nested-images columns-default is-cropped wp-block-gallery-1 is-layout-flex wp-block-gallery-is-layout-flex\">\n<figure class=\"wp-block-image size-large\"><a href=\"https:\/\/www.ceolia.de\/wp-content\/uploads\/2025\/01\/MG_8579b-scaled.jpg\"><img loading=\"lazy\" decoding=\"async\" width=\"683\" height=\"1024\" data-id=\"203\" src=\"https:\/\/www.ceolia.de\/wp-content\/uploads\/2025\/01\/MG_8579b-683x1024.jpg\" alt=\"\" class=\"wp-image-203\" srcset=\"https:\/\/www.ceolia.de\/wp-content\/uploads\/2025\/01\/MG_8579b-683x1024.jpg 683w, https:\/\/www.ceolia.de\/wp-content\/uploads\/2025\/01\/MG_8579b-200x300.jpg 200w, https:\/\/www.ceolia.de\/wp-content\/uploads\/2025\/01\/MG_8579b-768x1152.jpg 768w, https:\/\/www.ceolia.de\/wp-content\/uploads\/2025\/01\/MG_8579b-1024x1536.jpg 1024w, https:\/\/www.ceolia.de\/wp-content\/uploads\/2025\/01\/MG_8579b-1366x2048.jpg 1366w, https:\/\/www.ceolia.de\/wp-content\/uploads\/2025\/01\/MG_8579b-scaled.jpg 1707w\" sizes=\"(max-width: 683px) 100vw, 683px\" \/><\/a><\/figure>\n\n\n\n<figure class=\"wp-block-image size-large\"><a href=\"https:\/\/www.ceolia.de\/wp-content\/uploads\/2025\/01\/www-cj-piper-III-1-scaled.jpg\"><img loading=\"lazy\" decoding=\"async\" width=\"683\" height=\"1024\" data-id=\"209\" src=\"https:\/\/www.ceolia.de\/wp-content\/uploads\/2025\/01\/www-cj-piper-III-1-683x1024.jpg\" alt=\"\" class=\"wp-image-209\" srcset=\"https:\/\/www.ceolia.de\/wp-content\/uploads\/2025\/01\/www-cj-piper-III-1-683x1024.jpg 683w, https:\/\/www.ceolia.de\/wp-content\/uploads\/2025\/01\/www-cj-piper-III-1-200x300.jpg 200w, https:\/\/www.ceolia.de\/wp-content\/uploads\/2025\/01\/www-cj-piper-III-1-768x1152.jpg 768w, https:\/\/www.ceolia.de\/wp-content\/uploads\/2025\/01\/www-cj-piper-III-1-1024x1536.jpg 1024w, https:\/\/www.ceolia.de\/wp-content\/uploads\/2025\/01\/www-cj-piper-III-1-1365x2048.jpg 1365w, https:\/\/www.ceolia.de\/wp-content\/uploads\/2025\/01\/www-cj-piper-III-1-scaled.jpg 1707w\" sizes=\"(max-width: 683px) 100vw, 683px\" \/><\/a><\/figure>\n\n\n\n<figure class=\"wp-block-image size-large\"><a href=\"https:\/\/www.ceolia.de\/wp-content\/uploads\/2025\/01\/www-cj-piper-V-scaled.jpg\"><img loading=\"lazy\" decoding=\"async\" width=\"683\" height=\"1024\" data-id=\"207\" src=\"https:\/\/www.ceolia.de\/wp-content\/uploads\/2025\/01\/www-cj-piper-V-683x1024.jpg\" alt=\"\" class=\"wp-image-207\" srcset=\"https:\/\/www.ceolia.de\/wp-content\/uploads\/2025\/01\/www-cj-piper-V-683x1024.jpg 683w, https:\/\/www.ceolia.de\/wp-content\/uploads\/2025\/01\/www-cj-piper-V-200x300.jpg 200w, https:\/\/www.ceolia.de\/wp-content\/uploads\/2025\/01\/www-cj-piper-V-768x1152.jpg 768w, https:\/\/www.ceolia.de\/wp-content\/uploads\/2025\/01\/www-cj-piper-V-1024x1536.jpg 1024w, https:\/\/www.ceolia.de\/wp-content\/uploads\/2025\/01\/www-cj-piper-V-1365x2048.jpg 1365w, https:\/\/www.ceolia.de\/wp-content\/uploads\/2025\/01\/www-cj-piper-V-scaled.jpg 1706w\" sizes=\"(max-width: 683px) 100vw, 683px\" \/><\/a><\/figure>\n<\/figure>\n\n\n\n<p><\/p>\n\n\n\n<figure class=\"wp-block-embed is-type-video is-provider-youtube wp-block-embed-youtube wp-embed-aspect-16-9 wp-has-aspect-ratio\"><div class=\"wp-block-embed__wrapper\">\n<iframe loading=\"lazy\" hcb-fetch-image-from=\"https:\/\/www.youtube.com\/watch?v=Bf_FN0fN6Yo\" title=\"Flashes In Brain\" width=\"500\" height=\"281\" src=\"https:\/\/www.youtube.com\/embed\/Bf_FN0fN6Yo?feature=oembed\" frameborder=\"0\" allow=\"accelerometer; autoplay; clipboard-write; encrypted-media; gyroscope; picture-in-picture; web-share\" referrerpolicy=\"strict-origin-when-cross-origin\" allowfullscreen><\/iframe>\n<\/div><figcaption class=\"wp-element-caption\"><sub>Achtung: Wenn Sie auf das Bild klicken werden Sie zu Youtube weitergeleitet. Was dort mit Ihren Daten geschieht kann ich leider nicht kontrollieren.<\/sub><\/figcaption><\/figure>\n\n\n\n<figure class=\"wp-block-image size-large is-resized\"><a href=\"https:\/\/www.ceolia.de\/wp-content\/uploads\/2025\/01\/Flyerentwurf-XII-www-scaled.jpg\"><img loading=\"lazy\" decoding=\"async\" width=\"435\" height=\"1024\" src=\"https:\/\/www.ceolia.de\/wp-content\/uploads\/2025\/01\/Flyerentwurf-XII-www-435x1024.jpg\" alt=\"\" class=\"wp-image-201\" style=\"width:217px;height:auto\" srcset=\"https:\/\/www.ceolia.de\/wp-content\/uploads\/2025\/01\/Flyerentwurf-XII-www-435x1024.jpg 435w, https:\/\/www.ceolia.de\/wp-content\/uploads\/2025\/01\/Flyerentwurf-XII-www-127x300.jpg 127w, https:\/\/www.ceolia.de\/wp-content\/uploads\/2025\/01\/Flyerentwurf-XII-www-768x1807.jpg 768w, https:\/\/www.ceolia.de\/wp-content\/uploads\/2025\/01\/Flyerentwurf-XII-www-653x1536.jpg 653w, https:\/\/www.ceolia.de\/wp-content\/uploads\/2025\/01\/Flyerentwurf-XII-www-870x2048.jpg 870w, https:\/\/www.ceolia.de\/wp-content\/uploads\/2025\/01\/Flyerentwurf-XII-www-scaled.jpg 1088w\" sizes=\"(max-width: 435px) 100vw, 435px\" \/><\/a><\/figure>\n\n\n","protected":false},"excerpt":{"rendered":"<p>Claus&#8216; Soloprojekt Seit vielen Jahren mit den unterschiedlichsten Bands (s. u.) unterwegs, ist Claus Jahn nun auch mit seinem Soloprogramm auf der B\u00fchne. Nachdenkliche Balladen und fr\u00f6hliche Lieder werden mit viel Gef\u00fchl und der Liebe zu von Herzen kommender Musik dargeboten. Seine selbst komponierten und traditionellen St\u00fccke begleitet der Multiinstrumentalist vornehmlich auf der Irish-Bouzouki. Claus [&hellip;]<\/p>\n","protected":false},"author":1,"featured_media":0,"parent":0,"menu_order":0,"comment_status":"closed","ping_status":"closed","template":"","meta":{"footnotes":""},"_links":{"self":[{"href":"https:\/\/www.ceolia.de\/index.php?rest_route=\/wp\/v2\/pages\/148"}],"collection":[{"href":"https:\/\/www.ceolia.de\/index.php?rest_route=\/wp\/v2\/pages"}],"about":[{"href":"https:\/\/www.ceolia.de\/index.php?rest_route=\/wp\/v2\/types\/page"}],"author":[{"embeddable":true,"href":"https:\/\/www.ceolia.de\/index.php?rest_route=\/wp\/v2\/users\/1"}],"replies":[{"embeddable":true,"href":"https:\/\/www.ceolia.de\/index.php?rest_route=%2Fwp%2Fv2%2Fcomments&post=148"}],"version-history":[{"count":23,"href":"https:\/\/www.ceolia.de\/index.php?rest_route=\/wp\/v2\/pages\/148\/revisions"}],"predecessor-version":[{"id":227,"href":"https:\/\/www.ceolia.de\/index.php?rest_route=\/wp\/v2\/pages\/148\/revisions\/227"}],"wp:attachment":[{"href":"https:\/\/www.ceolia.de\/index.php?rest_route=%2Fwp%2Fv2%2Fmedia&parent=148"}],"curies":[{"name":"wp","href":"https:\/\/api.w.org\/{rel}","templated":true}]}}